{"id":147,"date":"2019-02-12T21:55:29","date_gmt":"2019-02-12T20:55:29","guid":{"rendered":"https:\/\/dev.caorle.holiday\/de\/?page_id=147"},"modified":"2019-02-12T21:55:46","modified_gmt":"2019-02-12T20:55:46","slug":"animation-fuer-kinder","status":"publish","type":"page","link":"https:\/\/caorle.holiday\/de\/freizeit-und-unterhaltung\/animation-fuer-kinder\/","title":{"rendered":"Animation f\u00fcr Kinder"},"content":{"rendered":"","protected":false},"excerpt":{"rendered":"","protected":false},"author":1,"featured_media":0,"parent":145,"menu_order":0,"comment_status":"closed","ping_status":"closed","template":"","meta":{"footnotes":""},"class_list":["post-147","page","type-page","status-publish","hentry"],"yoast_head":"<!-- This site is optimized with the Yoast SEO plugin v25.2 - https:\/\/yoast.com\/wordpress\/plugins\/seo\/ -->\n<title>Animation f\u00fcr Kinder - Caorle DE<\/title>\n<meta name=\"robots\" content=\"index, follow, max-snippet:-1, max-image-preview:large, max-video-preview:-1\" \/>\n<link rel=\"canonical\" href=\"https:\/\/caorle.holiday\/de\/freizeit-und-unterhaltung\/animation-fuer-kinder\/\" \/>\n<meta property=\"og:locale\" content=\"de_DE\" \/>\n<meta property=\"og:type\" content=\"article\" \/>\n<meta property=\"og:title\" content=\"Animation f\u00fcr Kinder - Caorle DE\" \/>\n<meta property=\"og:url\" content=\"https:\/\/caorle.holiday\/de\/freizeit-und-unterhaltung\/animation-fuer-kinder\/\" \/>\n<meta property=\"og:site_name\" content=\"Caorle DE\" \/>\n<meta property=\"article:modified_time\" content=\"2019-02-12T20:55:46+00:00\" \/>\n<meta name=\"twitter:card\" content=\"summary_large_image\" \/>\n<script type=\"application\/ld+json\" class=\"yoast-schema-graph\">{\"@context\":\"https:\/\/schema.org\",\"@graph\":[{\"@type\":\"WebPage\",\"@id\":\"https:\/\/caorle.holiday\/de\/freizeit-und-unterhaltung\/animation-fuer-kinder\/\",\"url\":\"https:\/\/caorle.holiday\/de\/freizeit-und-unterhaltung\/animation-fuer-kinder\/\",\"name\":\"Animation f\u00fcr Kinder - Caorle DE\",\"isPartOf\":{\"@id\":\"https:\/\/caorle.holiday\/de\/#website\"},\"datePublished\":\"2019-02-12T20:55:29+00:00\",\"dateModified\":\"2019-02-12T20:55:46+00:00\",\"breadcrumb\":{\"@id\":\"https:\/\/caorle.holiday\/de\/freizeit-und-unterhaltung\/animation-fuer-kinder\/#breadcrumb\"},\"inLanguage\":\"de\",\"potentialAction\":[{\"@type\":\"ReadAction\",\"target\":[\"https:\/\/caorle.holiday\/de\/freizeit-und-unterhaltung\/animation-fuer-kinder\/\"]}]},{\"@type\":\"BreadcrumbList\",\"@id\":\"https:\/\/caorle.holiday\/de\/freizeit-und-unterhaltung\/animation-fuer-kinder\/#breadcrumb\",\"itemListElement\":[{\"@type\":\"ListItem\",\"position\":1,\"name\":\"Dom\u016f\",\"item\":\"https:\/\/caorle.holiday\/de\/\"},{\"@type\":\"ListItem\",\"position\":2,\"name\":\"Freizeit und Unterhaltung\",\"item\":\"https:\/\/caorle.holiday\/de\/freizeit-und-unterhaltung\/\"},{\"@type\":\"ListItem\",\"position\":3,\"name\":\"Animation f\u00fcr Kinder\"}]},{\"@type\":\"WebSite\",\"@id\":\"https:\/\/caorle.holiday\/de\/#website\",\"url\":\"https:\/\/caorle.holiday\/de\/\",\"name\":\"Caorle DE\",\"description\":\"Dal\u0161\u00ed nov\u00fd web v r\u00e1mci s\u00edt\u011b Caorle s\u00ed\u0165 web\u016f\",\"potentialAction\":[{\"@type\":\"SearchAction\",\"target\":{\"@type\":\"EntryPoint\",\"urlTemplate\":\"https:\/\/caorle.holiday\/de\/?s={search_term_string}\"},\"query-input\":{\"@type\":\"PropertyValueSpecification\",\"valueRequired\":true,\"valueName\":\"search_term_string\"}}],\"inLanguage\":\"de\"}]}<\/script>\n<!-- \/ Yoast SEO plugin. -->","yoast_head_json":{"title":"Animation f\u00fcr Kinder - Caorle DE","robots":{"index":"index","follow":"follow","max-snippet":"max-snippet:-1","max-image-preview":"max-image-preview:large","max-video-preview":"max-video-preview:-1"},"canonical":"https:\/\/caorle.holiday\/de\/freizeit-und-unterhaltung\/animation-fuer-kinder\/","og_locale":"de_DE","og_type":"article","og_title":"Animation f\u00fcr Kinder - Caorle DE","og_url":"https:\/\/caorle.holiday\/de\/freizeit-und-unterhaltung\/animation-fuer-kinder\/","og_site_name":"Caorle DE","article_modified_time":"2019-02-12T20:55:46+00:00","twitter_card":"summary_large_image","schema":{"@context":"https:\/\/schema.org","@graph":[{"@type":"WebPage","@id":"https:\/\/caorle.holiday\/de\/freizeit-und-unterhaltung\/animation-fuer-kinder\/","url":"https:\/\/caorle.holiday\/de\/freizeit-und-unterhaltung\/animation-fuer-kinder\/","name":"Animation f\u00fcr Kinder - Caorle DE","isPartOf":{"@id":"https:\/\/caorle.holiday\/de\/#website"},"datePublished":"2019-02-12T20:55:29+00:00","dateModified":"2019-02-12T20:55:46+00:00","breadcrumb":{"@id":"https:\/\/caorle.holiday\/de\/freizeit-und-unterhaltung\/animation-fuer-kinder\/#breadcrumb"},"inLanguage":"de","potentialAction":[{"@type":"ReadAction","target":["https:\/\/caorle.holiday\/de\/freizeit-und-unterhaltung\/animation-fuer-kinder\/"]}]},{"@type":"BreadcrumbList","@id":"https:\/\/caorle.holiday\/de\/freizeit-und-unterhaltung\/animation-fuer-kinder\/#breadcrumb","itemListElement":[{"@type":"ListItem","position":1,"name":"Dom\u016f","item":"https:\/\/caorle.holiday\/de\/"},{"@type":"ListItem","position":2,"name":"Freizeit und Unterhaltung","item":"https:\/\/caorle.holiday\/de\/freizeit-und-unterhaltung\/"},{"@type":"ListItem","position":3,"name":"Animation f\u00fcr Kinder"}]},{"@type":"WebSite","@id":"https:\/\/caorle.holiday\/de\/#website","url":"https:\/\/caorle.holiday\/de\/","name":"Caorle DE","description":"Dal\u0161\u00ed nov\u00fd web v r\u00e1mci s\u00edt\u011b Caorle s\u00ed\u0165 web\u016f","potentialAction":[{"@type":"SearchAction","target":{"@type":"EntryPoint","urlTemplate":"https:\/\/caorle.holiday\/de\/?s={search_term_string}"},"query-input":{"@type":"PropertyValueSpecification","valueRequired":true,"valueName":"search_term_string"}}],"inLanguage":"de"}]}},"_links":{"self":[{"href":"https:\/\/caorle.holiday\/de\/wp-json\/wp\/v2\/pages\/147","targetHints":{"allow":["GET"]}}],"collection":[{"href":"https:\/\/caorle.holiday\/de\/wp-json\/wp\/v2\/pages"}],"about":[{"href":"https:\/\/caorle.holiday\/de\/wp-json\/wp\/v2\/types\/page"}],"author":[{"embeddable":true,"href":"https:\/\/caorle.holiday\/de\/wp-json\/wp\/v2\/users\/1"}],"replies":[{"embeddable":true,"href":"https:\/\/caorle.holiday\/de\/wp-json\/wp\/v2\/comments?post=147"}],"version-history":[{"count":1,"href":"https:\/\/caorle.holiday\/de\/wp-json\/wp\/v2\/pages\/147\/revisions"}],"predecessor-version":[{"id":148,"href":"https:\/\/caorle.holiday\/de\/wp-json\/wp\/v2\/pages\/147\/revisions\/148"}],"up":[{"embeddable":true,"href":"https:\/\/caorle.holiday\/de\/wp-json\/wp\/v2\/pages\/145"}],"wp:attachment":[{"href":"https:\/\/caorle.holiday\/de\/wp-json\/wp\/v2\/media?parent=147"}],"curies":[{"name":"wp","href":"https:\/\/api.w.org\/{rel}","templated":true}]}}