{"id":129,"date":"2019-02-13T20:46:59","date_gmt":"2019-02-13T19:46:59","guid":{"rendered":"https:\/\/dev.caorle.holiday\/hu\/?page_id=129"},"modified":"2019-02-13T20:47:00","modified_gmt":"2019-02-13T19:47:00","slug":"helyszin","status":"publish","type":"page","link":"https:\/\/caorle.holiday\/hu\/helyszin\/","title":{"rendered":"Helysz\u00edn"},"content":{"rendered":"","protected":false},"excerpt":{"rendered":"","protected":false},"author":1,"featured_media":0,"parent":0,"menu_order":0,"comment_status":"closed","ping_status":"closed","template":"","meta":{"footnotes":""},"class_list":["post-129","page","type-page","status-publish","hentry"],"yoast_head":"<!-- This site is optimized with the Yoast SEO plugin v25.2 - https:\/\/yoast.com\/wordpress\/plugins\/seo\/ -->\n<title>Helysz\u00edn - Caorle HU<\/title>\n<meta name=\"robots\" content=\"index, follow, max-snippet:-1, max-image-preview:large, max-video-preview:-1\" \/>\n<link rel=\"canonical\" href=\"https:\/\/caorle.holiday\/hu\/helyszin\/\" \/>\n<meta property=\"og:locale\" content=\"hu_HU\" \/>\n<meta property=\"og:type\" content=\"article\" \/>\n<meta property=\"og:title\" content=\"Helysz\u00edn - Caorle HU\" \/>\n<meta property=\"og:url\" content=\"https:\/\/caorle.holiday\/hu\/helyszin\/\" \/>\n<meta property=\"og:site_name\" content=\"Caorle HU\" \/>\n<meta property=\"article:modified_time\" content=\"2019-02-13T19:47:00+00:00\" \/>\n<meta name=\"twitter:card\" content=\"summary_large_image\" \/>\n<script type=\"application\/ld+json\" class=\"yoast-schema-graph\">{\"@context\":\"https:\/\/schema.org\",\"@graph\":[{\"@type\":\"WebPage\",\"@id\":\"https:\/\/caorle.holiday\/hu\/helyszin\/\",\"url\":\"https:\/\/caorle.holiday\/hu\/helyszin\/\",\"name\":\"Helysz\u00edn - Caorle HU\",\"isPartOf\":{\"@id\":\"https:\/\/caorle.holiday\/hu\/#website\"},\"datePublished\":\"2019-02-13T19:46:59+00:00\",\"dateModified\":\"2019-02-13T19:47:00+00:00\",\"breadcrumb\":{\"@id\":\"https:\/\/caorle.holiday\/hu\/helyszin\/#breadcrumb\"},\"inLanguage\":\"hu\",\"potentialAction\":[{\"@type\":\"ReadAction\",\"target\":[\"https:\/\/caorle.holiday\/hu\/helyszin\/\"]}]},{\"@type\":\"BreadcrumbList\",\"@id\":\"https:\/\/caorle.holiday\/hu\/helyszin\/#breadcrumb\",\"itemListElement\":[{\"@type\":\"ListItem\",\"position\":1,\"name\":\"Dom\u016f\",\"item\":\"https:\/\/caorle.holiday\/hu\/\"},{\"@type\":\"ListItem\",\"position\":2,\"name\":\"Helysz\u00edn\"}]},{\"@type\":\"WebSite\",\"@id\":\"https:\/\/caorle.holiday\/hu\/#website\",\"url\":\"https:\/\/caorle.holiday\/hu\/\",\"name\":\"Caorle HU\",\"description\":\"Dal\u0161\u00ed nov\u00fd web v r\u00e1mci s\u00edt\u011b Caorle s\u00ed\u0165 web\u016f\",\"potentialAction\":[{\"@type\":\"SearchAction\",\"target\":{\"@type\":\"EntryPoint\",\"urlTemplate\":\"https:\/\/caorle.holiday\/hu\/?s={search_term_string}\"},\"query-input\":{\"@type\":\"PropertyValueSpecification\",\"valueRequired\":true,\"valueName\":\"search_term_string\"}}],\"inLanguage\":\"hu\"}]}<\/script>\n<!-- \/ Yoast SEO plugin. -->","yoast_head_json":{"title":"Helysz\u00edn - Caorle HU","robots":{"index":"index","follow":"follow","max-snippet":"max-snippet:-1","max-image-preview":"max-image-preview:large","max-video-preview":"max-video-preview:-1"},"canonical":"https:\/\/caorle.holiday\/hu\/helyszin\/","og_locale":"hu_HU","og_type":"article","og_title":"Helysz\u00edn - Caorle HU","og_url":"https:\/\/caorle.holiday\/hu\/helyszin\/","og_site_name":"Caorle HU","article_modified_time":"2019-02-13T19:47:00+00:00","twitter_card":"summary_large_image","schema":{"@context":"https:\/\/schema.org","@graph":[{"@type":"WebPage","@id":"https:\/\/caorle.holiday\/hu\/helyszin\/","url":"https:\/\/caorle.holiday\/hu\/helyszin\/","name":"Helysz\u00edn - Caorle HU","isPartOf":{"@id":"https:\/\/caorle.holiday\/hu\/#website"},"datePublished":"2019-02-13T19:46:59+00:00","dateModified":"2019-02-13T19:47:00+00:00","breadcrumb":{"@id":"https:\/\/caorle.holiday\/hu\/helyszin\/#breadcrumb"},"inLanguage":"hu","potentialAction":[{"@type":"ReadAction","target":["https:\/\/caorle.holiday\/hu\/helyszin\/"]}]},{"@type":"BreadcrumbList","@id":"https:\/\/caorle.holiday\/hu\/helyszin\/#breadcrumb","itemListElement":[{"@type":"ListItem","position":1,"name":"Dom\u016f","item":"https:\/\/caorle.holiday\/hu\/"},{"@type":"ListItem","position":2,"name":"Helysz\u00edn"}]},{"@type":"WebSite","@id":"https:\/\/caorle.holiday\/hu\/#website","url":"https:\/\/caorle.holiday\/hu\/","name":"Caorle HU","description":"Dal\u0161\u00ed nov\u00fd web v r\u00e1mci s\u00edt\u011b Caorle s\u00ed\u0165 web\u016f","potentialAction":[{"@type":"SearchAction","target":{"@type":"EntryPoint","urlTemplate":"https:\/\/caorle.holiday\/hu\/?s={search_term_string}"},"query-input":{"@type":"PropertyValueSpecification","valueRequired":true,"valueName":"search_term_string"}}],"inLanguage":"hu"}]}},"_links":{"self":[{"href":"https:\/\/caorle.holiday\/hu\/wp-json\/wp\/v2\/pages\/129","targetHints":{"allow":["GET"]}}],"collection":[{"href":"https:\/\/caorle.holiday\/hu\/wp-json\/wp\/v2\/pages"}],"about":[{"href":"https:\/\/caorle.holiday\/hu\/wp-json\/wp\/v2\/types\/page"}],"author":[{"embeddable":true,"href":"https:\/\/caorle.holiday\/hu\/wp-json\/wp\/v2\/users\/1"}],"replies":[{"embeddable":true,"href":"https:\/\/caorle.holiday\/hu\/wp-json\/wp\/v2\/comments?post=129"}],"version-history":[{"count":1,"href":"https:\/\/caorle.holiday\/hu\/wp-json\/wp\/v2\/pages\/129\/revisions"}],"predecessor-version":[{"id":130,"href":"https:\/\/caorle.holiday\/hu\/wp-json\/wp\/v2\/pages\/129\/revisions\/130"}],"wp:attachment":[{"href":"https:\/\/caorle.holiday\/hu\/wp-json\/wp\/v2\/media?parent=129"}],"curies":[{"name":"wp","href":"https:\/\/api.w.org\/{rel}","templated":true}]}}