{"id":131,"date":"2019-02-18T21:11:08","date_gmt":"2019-02-18T20:11:08","guid":{"rendered":"https:\/\/dev.caorle.holiday\/pl\/?page_id=131"},"modified":"2019-02-18T21:11:09","modified_gmt":"2019-02-18T20:11:09","slug":"lokalizacja","status":"publish","type":"page","link":"https:\/\/caorle.holiday\/pl\/lokalizacja\/","title":{"rendered":"Lokalizacja"},"content":{"rendered":"","protected":false},"excerpt":{"rendered":"","protected":false},"author":1,"featured_media":0,"parent":0,"menu_order":0,"comment_status":"closed","ping_status":"closed","template":"","meta":{"footnotes":""},"class_list":["post-131","page","type-page","status-publish","hentry"],"yoast_head":"<!-- This site is optimized with the Yoast SEO plugin v25.2 - https:\/\/yoast.com\/wordpress\/plugins\/seo\/ -->\n<title>Lokalizacja - Caorle PL<\/title>\n<meta name=\"robots\" content=\"index, follow, max-snippet:-1, max-image-preview:large, max-video-preview:-1\" \/>\n<link rel=\"canonical\" href=\"https:\/\/caorle.holiday\/pl\/lokalizacja\/\" \/>\n<meta property=\"og:locale\" content=\"pl_PL\" \/>\n<meta property=\"og:type\" content=\"article\" \/>\n<meta property=\"og:title\" content=\"Lokalizacja - Caorle PL\" \/>\n<meta property=\"og:url\" content=\"https:\/\/caorle.holiday\/pl\/lokalizacja\/\" \/>\n<meta property=\"og:site_name\" content=\"Caorle PL\" \/>\n<meta property=\"article:modified_time\" content=\"2019-02-18T20:11:09+00:00\" \/>\n<meta name=\"twitter:card\" content=\"summary_large_image\" \/>\n<script type=\"application\/ld+json\" class=\"yoast-schema-graph\">{\"@context\":\"https:\/\/schema.org\",\"@graph\":[{\"@type\":\"WebPage\",\"@id\":\"https:\/\/caorle.holiday\/pl\/lokalizacja\/\",\"url\":\"https:\/\/caorle.holiday\/pl\/lokalizacja\/\",\"name\":\"Lokalizacja - Caorle PL\",\"isPartOf\":{\"@id\":\"https:\/\/caorle.holiday\/pl\/#website\"},\"datePublished\":\"2019-02-18T20:11:08+00:00\",\"dateModified\":\"2019-02-18T20:11:09+00:00\",\"breadcrumb\":{\"@id\":\"https:\/\/caorle.holiday\/pl\/lokalizacja\/#breadcrumb\"},\"inLanguage\":\"pl-PL\",\"potentialAction\":[{\"@type\":\"ReadAction\",\"target\":[\"https:\/\/caorle.holiday\/pl\/lokalizacja\/\"]}]},{\"@type\":\"BreadcrumbList\",\"@id\":\"https:\/\/caorle.holiday\/pl\/lokalizacja\/#breadcrumb\",\"itemListElement\":[{\"@type\":\"ListItem\",\"position\":1,\"name\":\"Dom\u016f\",\"item\":\"https:\/\/caorle.holiday\/pl\/\"},{\"@type\":\"ListItem\",\"position\":2,\"name\":\"Lokalizacja\"}]},{\"@type\":\"WebSite\",\"@id\":\"https:\/\/caorle.holiday\/pl\/#website\",\"url\":\"https:\/\/caorle.holiday\/pl\/\",\"name\":\"Caorle PL\",\"description\":\"Dal\u0161\u00ed nov\u00fd web v r\u00e1mci s\u00edt\u011b Caorle s\u00ed\u0165 web\u016f\",\"potentialAction\":[{\"@type\":\"SearchAction\",\"target\":{\"@type\":\"EntryPoint\",\"urlTemplate\":\"https:\/\/caorle.holiday\/pl\/?s={search_term_string}\"},\"query-input\":{\"@type\":\"PropertyValueSpecification\",\"valueRequired\":true,\"valueName\":\"search_term_string\"}}],\"inLanguage\":\"pl-PL\"}]}<\/script>\n<!-- \/ Yoast SEO plugin. -->","yoast_head_json":{"title":"Lokalizacja - Caorle PL","robots":{"index":"index","follow":"follow","max-snippet":"max-snippet:-1","max-image-preview":"max-image-preview:large","max-video-preview":"max-video-preview:-1"},"canonical":"https:\/\/caorle.holiday\/pl\/lokalizacja\/","og_locale":"pl_PL","og_type":"article","og_title":"Lokalizacja - Caorle PL","og_url":"https:\/\/caorle.holiday\/pl\/lokalizacja\/","og_site_name":"Caorle PL","article_modified_time":"2019-02-18T20:11:09+00:00","twitter_card":"summary_large_image","schema":{"@context":"https:\/\/schema.org","@graph":[{"@type":"WebPage","@id":"https:\/\/caorle.holiday\/pl\/lokalizacja\/","url":"https:\/\/caorle.holiday\/pl\/lokalizacja\/","name":"Lokalizacja - Caorle PL","isPartOf":{"@id":"https:\/\/caorle.holiday\/pl\/#website"},"datePublished":"2019-02-18T20:11:08+00:00","dateModified":"2019-02-18T20:11:09+00:00","breadcrumb":{"@id":"https:\/\/caorle.holiday\/pl\/lokalizacja\/#breadcrumb"},"inLanguage":"pl-PL","potentialAction":[{"@type":"ReadAction","target":["https:\/\/caorle.holiday\/pl\/lokalizacja\/"]}]},{"@type":"BreadcrumbList","@id":"https:\/\/caorle.holiday\/pl\/lokalizacja\/#breadcrumb","itemListElement":[{"@type":"ListItem","position":1,"name":"Dom\u016f","item":"https:\/\/caorle.holiday\/pl\/"},{"@type":"ListItem","position":2,"name":"Lokalizacja"}]},{"@type":"WebSite","@id":"https:\/\/caorle.holiday\/pl\/#website","url":"https:\/\/caorle.holiday\/pl\/","name":"Caorle PL","description":"Dal\u0161\u00ed nov\u00fd web v r\u00e1mci s\u00edt\u011b Caorle s\u00ed\u0165 web\u016f","potentialAction":[{"@type":"SearchAction","target":{"@type":"EntryPoint","urlTemplate":"https:\/\/caorle.holiday\/pl\/?s={search_term_string}"},"query-input":{"@type":"PropertyValueSpecification","valueRequired":true,"valueName":"search_term_string"}}],"inLanguage":"pl-PL"}]}},"_links":{"self":[{"href":"https:\/\/caorle.holiday\/pl\/wp-json\/wp\/v2\/pages\/131","targetHints":{"allow":["GET"]}}],"collection":[{"href":"https:\/\/caorle.holiday\/pl\/wp-json\/wp\/v2\/pages"}],"about":[{"href":"https:\/\/caorle.holiday\/pl\/wp-json\/wp\/v2\/types\/page"}],"author":[{"embeddable":true,"href":"https:\/\/caorle.holiday\/pl\/wp-json\/wp\/v2\/users\/1"}],"replies":[{"embeddable":true,"href":"https:\/\/caorle.holiday\/pl\/wp-json\/wp\/v2\/comments?post=131"}],"version-history":[{"count":1,"href":"https:\/\/caorle.holiday\/pl\/wp-json\/wp\/v2\/pages\/131\/revisions"}],"predecessor-version":[{"id":132,"href":"https:\/\/caorle.holiday\/pl\/wp-json\/wp\/v2\/pages\/131\/revisions\/132"}],"wp:attachment":[{"href":"https:\/\/caorle.holiday\/pl\/wp-json\/wp\/v2\/media?parent=131"}],"curies":[{"name":"wp","href":"https:\/\/api.w.org\/{rel}","templated":true}]}}