{"id":139,"date":"2019-02-18T21:13:21","date_gmt":"2019-02-18T20:13:21","guid":{"rendered":"https:\/\/dev.caorle.holiday\/pl\/?page_id=139"},"modified":"2019-02-18T21:13:22","modified_gmt":"2019-02-18T20:13:22","slug":"plaza","status":"publish","type":"page","link":"https:\/\/caorle.holiday\/pl\/lokalizacja\/plaza\/","title":{"rendered":"Pla\u017ca"},"content":{"rendered":"","protected":false},"excerpt":{"rendered":"","protected":false},"author":1,"featured_media":0,"parent":131,"menu_order":0,"comment_status":"closed","ping_status":"closed","template":"","meta":{"footnotes":""},"class_list":["post-139","page","type-page","status-publish","hentry"],"yoast_head":"<!-- This site is optimized with the Yoast SEO plugin v25.2 - https:\/\/yoast.com\/wordpress\/plugins\/seo\/ -->\n<title>Pla\u017ca - Caorle PL<\/title>\n<meta name=\"robots\" content=\"index, follow, max-snippet:-1, max-image-preview:large, max-video-preview:-1\" \/>\n<link rel=\"canonical\" href=\"https:\/\/caorle.holiday\/pl\/lokalizacja\/plaza\/\" \/>\n<meta property=\"og:locale\" content=\"pl_PL\" \/>\n<meta property=\"og:type\" content=\"article\" \/>\n<meta property=\"og:title\" content=\"Pla\u017ca - Caorle PL\" \/>\n<meta property=\"og:url\" content=\"https:\/\/caorle.holiday\/pl\/lokalizacja\/plaza\/\" \/>\n<meta property=\"og:site_name\" content=\"Caorle PL\" \/>\n<meta property=\"article:modified_time\" content=\"2019-02-18T20:13:22+00:00\" \/>\n<meta name=\"twitter:card\" content=\"summary_large_image\" \/>\n<script type=\"application\/ld+json\" class=\"yoast-schema-graph\">{\"@context\":\"https:\/\/schema.org\",\"@graph\":[{\"@type\":\"WebPage\",\"@id\":\"https:\/\/caorle.holiday\/pl\/lokalizacja\/plaza\/\",\"url\":\"https:\/\/caorle.holiday\/pl\/lokalizacja\/plaza\/\",\"name\":\"Pla\u017ca - Caorle PL\",\"isPartOf\":{\"@id\":\"https:\/\/caorle.holiday\/pl\/#website\"},\"datePublished\":\"2019-02-18T20:13:21+00:00\",\"dateModified\":\"2019-02-18T20:13:22+00:00\",\"breadcrumb\":{\"@id\":\"https:\/\/caorle.holiday\/pl\/lokalizacja\/plaza\/#breadcrumb\"},\"inLanguage\":\"pl-PL\",\"potentialAction\":[{\"@type\":\"ReadAction\",\"target\":[\"https:\/\/caorle.holiday\/pl\/lokalizacja\/plaza\/\"]}]},{\"@type\":\"BreadcrumbList\",\"@id\":\"https:\/\/caorle.holiday\/pl\/lokalizacja\/plaza\/#breadcrumb\",\"itemListElement\":[{\"@type\":\"ListItem\",\"position\":1,\"name\":\"Dom\u016f\",\"item\":\"https:\/\/caorle.holiday\/pl\/\"},{\"@type\":\"ListItem\",\"position\":2,\"name\":\"Lokalizacja\",\"item\":\"https:\/\/caorle.holiday\/pl\/lokalizacja\/\"},{\"@type\":\"ListItem\",\"position\":3,\"name\":\"Pla\u017ca\"}]},{\"@type\":\"WebSite\",\"@id\":\"https:\/\/caorle.holiday\/pl\/#website\",\"url\":\"https:\/\/caorle.holiday\/pl\/\",\"name\":\"Caorle PL\",\"description\":\"Dal\u0161\u00ed nov\u00fd web v r\u00e1mci s\u00edt\u011b Caorle s\u00ed\u0165 web\u016f\",\"potentialAction\":[{\"@type\":\"SearchAction\",\"target\":{\"@type\":\"EntryPoint\",\"urlTemplate\":\"https:\/\/caorle.holiday\/pl\/?s={search_term_string}\"},\"query-input\":{\"@type\":\"PropertyValueSpecification\",\"valueRequired\":true,\"valueName\":\"search_term_string\"}}],\"inLanguage\":\"pl-PL\"}]}<\/script>\n<!-- \/ Yoast SEO plugin. -->","yoast_head_json":{"title":"Pla\u017ca - Caorle PL","robots":{"index":"index","follow":"follow","max-snippet":"max-snippet:-1","max-image-preview":"max-image-preview:large","max-video-preview":"max-video-preview:-1"},"canonical":"https:\/\/caorle.holiday\/pl\/lokalizacja\/plaza\/","og_locale":"pl_PL","og_type":"article","og_title":"Pla\u017ca - Caorle PL","og_url":"https:\/\/caorle.holiday\/pl\/lokalizacja\/plaza\/","og_site_name":"Caorle PL","article_modified_time":"2019-02-18T20:13:22+00:00","twitter_card":"summary_large_image","schema":{"@context":"https:\/\/schema.org","@graph":[{"@type":"WebPage","@id":"https:\/\/caorle.holiday\/pl\/lokalizacja\/plaza\/","url":"https:\/\/caorle.holiday\/pl\/lokalizacja\/plaza\/","name":"Pla\u017ca - Caorle PL","isPartOf":{"@id":"https:\/\/caorle.holiday\/pl\/#website"},"datePublished":"2019-02-18T20:13:21+00:00","dateModified":"2019-02-18T20:13:22+00:00","breadcrumb":{"@id":"https:\/\/caorle.holiday\/pl\/lokalizacja\/plaza\/#breadcrumb"},"inLanguage":"pl-PL","potentialAction":[{"@type":"ReadAction","target":["https:\/\/caorle.holiday\/pl\/lokalizacja\/plaza\/"]}]},{"@type":"BreadcrumbList","@id":"https:\/\/caorle.holiday\/pl\/lokalizacja\/plaza\/#breadcrumb","itemListElement":[{"@type":"ListItem","position":1,"name":"Dom\u016f","item":"https:\/\/caorle.holiday\/pl\/"},{"@type":"ListItem","position":2,"name":"Lokalizacja","item":"https:\/\/caorle.holiday\/pl\/lokalizacja\/"},{"@type":"ListItem","position":3,"name":"Pla\u017ca"}]},{"@type":"WebSite","@id":"https:\/\/caorle.holiday\/pl\/#website","url":"https:\/\/caorle.holiday\/pl\/","name":"Caorle PL","description":"Dal\u0161\u00ed nov\u00fd web v r\u00e1mci s\u00edt\u011b Caorle s\u00ed\u0165 web\u016f","potentialAction":[{"@type":"SearchAction","target":{"@type":"EntryPoint","urlTemplate":"https:\/\/caorle.holiday\/pl\/?s={search_term_string}"},"query-input":{"@type":"PropertyValueSpecification","valueRequired":true,"valueName":"search_term_string"}}],"inLanguage":"pl-PL"}]}},"_links":{"self":[{"href":"https:\/\/caorle.holiday\/pl\/wp-json\/wp\/v2\/pages\/139","targetHints":{"allow":["GET"]}}],"collection":[{"href":"https:\/\/caorle.holiday\/pl\/wp-json\/wp\/v2\/pages"}],"about":[{"href":"https:\/\/caorle.holiday\/pl\/wp-json\/wp\/v2\/types\/page"}],"author":[{"embeddable":true,"href":"https:\/\/caorle.holiday\/pl\/wp-json\/wp\/v2\/users\/1"}],"replies":[{"embeddable":true,"href":"https:\/\/caorle.holiday\/pl\/wp-json\/wp\/v2\/comments?post=139"}],"version-history":[{"count":1,"href":"https:\/\/caorle.holiday\/pl\/wp-json\/wp\/v2\/pages\/139\/revisions"}],"predecessor-version":[{"id":140,"href":"https:\/\/caorle.holiday\/pl\/wp-json\/wp\/v2\/pages\/139\/revisions\/140"}],"up":[{"embeddable":true,"href":"https:\/\/caorle.holiday\/pl\/wp-json\/wp\/v2\/pages\/131"}],"wp:attachment":[{"href":"https:\/\/caorle.holiday\/pl\/wp-json\/wp\/v2\/media?parent=139"}],"curies":[{"name":"wp","href":"https:\/\/api.w.org\/{rel}","templated":true}]}}